{"id":1167,"date":"2026-02-03T15:56:26","date_gmt":"2026-02-03T14:56:26","guid":{"rendered":"https:\/\/www.movntec.com\/recrutement\/"},"modified":"2026-02-17T16:58:14","modified_gmt":"2026-02-17T15:58:14","slug":"karriere","status":"publish","type":"page","link":"https:\/\/www.movntec.com\/de\/karriere\/","title":{"rendered":"Karriere"},"content":{"rendered":"\n<div class=\"wp-block-cover alignfull is-light is-style-default\" style=\"margin-top:0;margin-bottom:0;padding-top:var(--wp--preset--spacing--xl);padding-bottom:var(--wp--preset--spacing--xl);min-height:50px;aspect-ratio:unset;\"><span aria-hidden=\"true\" class=\"wp-block-cover__background has-neutral-200-background-color has-background-dim-100 has-background-dim\"><\/span><div class=\"wp-block-cover__inner-container has-global-padding is-layout-constrained wp-container-core-cover-is-layout-f26b76e4 wp-block-cover-is-layout-constrained\">\n\t<div class=\"has-text-align-center skp-block-breadcrumb wp-block-skp-breadcrumb has-sm-font-size\" id=\"skp-block-breadcrumb-69d0e1faa30c18.51998382\">\n\t\t\n<nav\tclass=\"breadcrumb\"\n\taria-label=\"Breadcrumbs\">\n\t<ol class=\"breadcrumb__list\">\n\t\t\t\t\t<li class=\"breadcrumb__item\">\n\t\t\t\t\t\t\t\t\t<a href=\"https:\/\/www.movntec.com\/de\/\" class=\"breadcrumb__link\">\n\t\t\t\t\t\tStartseite\t\t\t\t\t<\/a>\n\t\t\t\t\t\t\t\t\t\t\t\t<\/li>\n\t\t\t<\/ol>\n\n\t<\/nav>\t<\/div>\n\n\n<h1 style=\"text-align: center;\" class=\"has-text-align-center skp-block-primary-title wp-block-skp-primary-title\" id=\"skp-block-primary-title-69d0e1faa5ed56.47553564\">\n\tWerden Sie Teil von <mark class=\"skp-textformat--highlight\">MovNtec<\/mark><\/h1>\n\n\n\n<p class=\"has-text-align-center\">Bei MovNtec bauen wir unsere Aktivit\u00e4ten in den Bereichen <strong>industrielle Montage und Industrialisierung<\/strong> kontinuierlich aus \u2013 an einem franz\u00f6sischen Fertigungsstandort in <strong>Ruitz (Pas-de-Calais)<\/strong>, im Norden Frankreichs.<\/p>\n<\/div><\/div>\n\n\n\n<div class=\"wp-block-group alignfull is-layout-flow wp-block-group-is-layout-flow\" style=\"margin-top:0;margin-bottom:var(--wp--preset--spacing--sm);padding-top:var(--wp--preset--spacing--2-xl);padding-bottom:var(--wp--preset--spacing--2-xl)\">\n<div class=\"wp-block-group has-global-padding is-layout-constrained wp-block-group-is-layout-constrained\">\n<div class=\"wp-block-columns alignwide are-vertically-aligned-center is-layout-flex wp-container-core-columns-is-layout-bcd47468 wp-block-columns-is-layout-flex\">\n<div class=\"wp-block-column is-vertically-aligned-center is-layout-flow wp-container-core-column-is-layout-86b72393 wp-block-column-is-layout-flow\">\n<figure class=\"wp-block-image size-full has-custom-border is-deco-top-left\"><img decoding=\"async\" width=\"2000\" height=\"1334\" src=\"https:\/\/www.movntec.com\/wp-inside\/uploads\/2026\/02\/sous-ensembles-techniques-movntec.jpg\" alt=\"\" class=\"wp-image-695\" style=\"border-radius:0px;aspect-ratio:16\/9;object-fit:cover\" srcset=\"https:\/\/www.movntec.com\/wp-inside\/uploads\/2026\/02\/sous-ensembles-techniques-movntec.jpg 2000w, https:\/\/www.movntec.com\/wp-inside\/uploads\/2026\/02\/sous-ensembles-techniques-movntec-300x200.jpg 300w, https:\/\/www.movntec.com\/wp-inside\/uploads\/2026\/02\/sous-ensembles-techniques-movntec-1024x683.jpg 1024w, https:\/\/www.movntec.com\/wp-inside\/uploads\/2026\/02\/sous-ensembles-techniques-movntec-768x512.jpg 768w, https:\/\/www.movntec.com\/wp-inside\/uploads\/2026\/02\/sous-ensembles-techniques-movntec-1536x1025.jpg 1536w\" sizes=\"(max-width: 2000px) 100vw, 2000px\" \/><\/figure>\n<\/div>\n\n\n\n<div class=\"wp-block-column is-vertically-aligned-center is-layout-flow wp-block-column-is-layout-flow\">\n<h2 class=\"wp-block-heading is-style-default\">Warum MovNtec?<\/h2>\n\n\n\n<p>MovNtec ist ein Industrieunternehmen mit menschlicher Gr\u00f6\u00dfe, das sich konsequent an <strong>Leistung, Qualit\u00e4t und Wissensweitergabe<\/strong> orientiert.<\/p>\n\n\n\n<p>Unsere Teams arbeiten an vielf\u00e4ltigen Industrieprojekten \u2013 von der Industrialisierung bis zur Serienproduktion \u2013 in einem <strong>strukturierten, sicheren und sich stetig weiterentwickelnden Umfeld<\/strong>.<\/p>\n\n\n\n<p>Unser Fertigungsstandort bietet ein modernes Arbeitsumfeld, angepasste industrielle Ausr\u00fcstung sowie Rahmenbedingungen, die die <strong>fachliche und pers\u00f6nliche Weiterentwicklung<\/strong> unserer Mitarbeitenden f\u00f6rdern.<\/p>\n\n\n\n<div class=\"wp-block-buttons is-layout-flex wp-block-buttons-is-layout-flex\">\n<div class=\"wp-block-button is-style-btn-primary\"><a class=\"wp-block-button__link wp-element-button\" href=\"https:\/\/www.movntec.com\/de\/kontakt\/#formulaire\">Bewerbung senden<\/a><\/div>\n<\/div>\n<\/div>\n<\/div>\n<\/div>\n<\/div>\n","protected":false},"excerpt":{"rendered":"<p>Warum MovNtec? MovNtec ist ein Industrieunternehmen mit menschlicher Gr\u00f6\u00dfe, das sich konsequent an Leistung, Qualit\u00e4t und Wissensweitergabe orientiert. Unsere Teams arbeiten an vielf\u00e4ltigen Industrieprojekten \u2013 von der Industrialisierung bis zur Serienproduktion \u2013 in einem strukturierten, sicheren und sich stetig weiterentwickelnden Umfeld. Unser Fertigungsstandort bietet ein modernes Arbeitsumfeld, angepasste industrielle Ausr\u00fcstung sowie Rahmenbedingungen, die die fachliche [&hellip;]<\/p>\n","protected":false},"author":1,"featured_media":0,"parent":0,"menu_order":80,"comment_status":"closed","ping_status":"closed","template":"","meta":{"_acf_changed":false,"footnotes":""},"class_list":["post-1167","page","type-page","status-publish","hentry"],"acf":[],"yoast_head":"<!-- This site is optimized with the Yoast SEO plugin v27.3 - https:\/\/yoast.com\/product\/yoast-seo-wordpress\/ -->\n<title>Karriere: Werden Sie Teil unseres Fertigungsstandorts in Ruitz | MovNtec<\/title>\n<meta name=\"description\" content=\"Werden Sie Teil von MovNtec und arbeiten Sie an industriellen Montage- und Industrialisierungsprojekten an unserem Fertigungsstandort in Nordfrankreich. Entdecken Sie unsere Karrierem\u00f6glichkeiten.\" \/>\n<meta name=\"robots\" content=\"index, follow, max-snippet:-1, max-image-preview:large, max-video-preview:-1\" \/>\n<link rel=\"canonical\" href=\"https:\/\/www.movntec.com\/de\/karriere\/\" \/>\n<meta property=\"og:locale\" content=\"de_DE\" \/>\n<meta property=\"og:type\" content=\"article\" \/>\n<meta property=\"og:title\" content=\"Karriere: Werden Sie Teil unseres Fertigungsstandorts in Ruitz\" \/>\n<meta property=\"og:description\" content=\"Werden Sie Teil von MovNtec und arbeiten Sie an industriellen Montage- und Industrialisierungsprojekten an unserem Fertigungsstandort in Nordfrankreich. Entdecken Sie unsere Karrierem\u00f6glichkeiten.\" \/>\n<meta property=\"og:url\" content=\"https:\/\/www.movntec.com\/de\/karriere\/\" \/>\n<meta property=\"og:site_name\" content=\"MovNtec\" \/>\n<meta property=\"article:modified_time\" content=\"2026-02-17T15:58:14+00:00\" \/>\n<meta property=\"og:image\" content=\"https:\/\/www.movntec.com\/wp-inside\/uploads\/2026\/02\/sous-ensembles-techniques-movntec.jpg\" \/>\n\t<meta property=\"og:image:width\" content=\"2000\" \/>\n\t<meta property=\"og:image:height\" content=\"1334\" \/>\n\t<meta property=\"og:image:type\" content=\"image\/jpeg\" \/>\n<meta name=\"twitter:card\" content=\"summary_large_image\" \/>\n<meta name=\"twitter:label1\" content=\"Gesch\u00e4tzte Lesezeit\" \/>\n\t<meta name=\"twitter:data1\" content=\"1\u00a0Minute\" \/>\n<script type=\"application\/ld+json\" class=\"yoast-schema-graph\">{\"@context\":\"https:\\\/\\\/schema.org\",\"@graph\":[{\"@type\":\"WebPage\",\"@id\":\"https:\\\/\\\/www.movntec.com\\\/de\\\/karriere\\\/\",\"url\":\"https:\\\/\\\/www.movntec.com\\\/de\\\/karriere\\\/\",\"name\":\"Karriere: Werden Sie Teil unseres Fertigungsstandorts in Ruitz\",\"isPartOf\":{\"@id\":\"https:\\\/\\\/www.movntec.com\\\/de\\\/#website\"},\"primaryImageOfPage\":{\"@id\":\"https:\\\/\\\/www.movntec.com\\\/de\\\/karriere\\\/#primaryimage\"},\"image\":{\"@id\":\"https:\\\/\\\/www.movntec.com\\\/de\\\/karriere\\\/#primaryimage\"},\"thumbnailUrl\":\"https:\\\/\\\/www.movntec.com\\\/wp-inside\\\/uploads\\\/2026\\\/02\\\/sous-ensembles-techniques-movntec.jpg\",\"datePublished\":\"2026-02-03T14:56:26+00:00\",\"dateModified\":\"2026-02-17T15:58:14+00:00\",\"description\":\"Werden Sie Teil von MovNtec und arbeiten Sie an industriellen Montage- und Industrialisierungsprojekten an unserem Fertigungsstandort in Nordfrankreich. Entdecken Sie unsere Karrierem\u00f6glichkeiten.\",\"breadcrumb\":{\"@id\":\"https:\\\/\\\/www.movntec.com\\\/de\\\/karriere\\\/#breadcrumb\"},\"inLanguage\":\"de\",\"potentialAction\":[{\"@type\":\"ReadAction\",\"target\":[\"https:\\\/\\\/www.movntec.com\\\/de\\\/karriere\\\/\"]}]},{\"@type\":\"ImageObject\",\"inLanguage\":\"de\",\"@id\":\"https:\\\/\\\/www.movntec.com\\\/de\\\/karriere\\\/#primaryimage\",\"url\":\"https:\\\/\\\/www.movntec.com\\\/wp-inside\\\/uploads\\\/2026\\\/02\\\/sous-ensembles-techniques-movntec.jpg\",\"contentUrl\":\"https:\\\/\\\/www.movntec.com\\\/wp-inside\\\/uploads\\\/2026\\\/02\\\/sous-ensembles-techniques-movntec.jpg\"},{\"@type\":\"BreadcrumbList\",\"@id\":\"https:\\\/\\\/www.movntec.com\\\/de\\\/karriere\\\/#breadcrumb\",\"itemListElement\":[{\"@type\":\"ListItem\",\"position\":1,\"name\":\"Startseite\",\"item\":\"https:\\\/\\\/www.movntec.com\\\/de\\\/\"},{\"@type\":\"ListItem\",\"position\":2,\"name\":\"Karriere\"}]},{\"@type\":\"WebSite\",\"@id\":\"https:\\\/\\\/www.movntec.com\\\/de\\\/#website\",\"url\":\"https:\\\/\\\/www.movntec.com\\\/de\\\/\",\"name\":\"MovNtec\",\"description\":\"Solutions compl\u00e8tes d\u2019industrialisation de vos produits\",\"publisher\":{\"@id\":\"https:\\\/\\\/www.movntec.com\\\/de\\\/#organization\"},\"potentialAction\":[{\"@type\":\"SearchAction\",\"target\":{\"@type\":\"EntryPoint\",\"urlTemplate\":\"https:\\\/\\\/www.movntec.com\\\/de\\\/?s={search_term_string}\"},\"query-input\":{\"@type\":\"PropertyValueSpecification\",\"valueRequired\":true,\"valueName\":\"search_term_string\"}}],\"inLanguage\":\"de\"},{\"@type\":\"Organization\",\"@id\":\"https:\\\/\\\/www.movntec.com\\\/de\\\/#organization\",\"name\":\"MovNtec\",\"url\":\"https:\\\/\\\/www.movntec.com\\\/de\\\/\",\"logo\":{\"@type\":\"ImageObject\",\"inLanguage\":\"de\",\"@id\":\"https:\\\/\\\/www.movntec.com\\\/de\\\/#\\\/schema\\\/logo\\\/image\\\/\",\"url\":\"https:\\\/\\\/www.movntec.com\\\/wp-inside\\\/uploads\\\/2026\\\/01\\\/logo-movntec.png\",\"contentUrl\":\"https:\\\/\\\/www.movntec.com\\\/wp-inside\\\/uploads\\\/2026\\\/01\\\/logo-movntec.png\",\"width\":512,\"height\":200,\"caption\":\"MovNtec\"},\"image\":{\"@id\":\"https:\\\/\\\/www.movntec.com\\\/de\\\/#\\\/schema\\\/logo\\\/image\\\/\"},\"sameAs\":[\"https:\\\/\\\/www.linkedin.com\\\/company\\\/movntec\\\/?originalSubdomain=fr\"]}]}<\/script>\n<!-- \/ Yoast SEO plugin. -->","yoast_head_json":{"title":"Karriere: Werden Sie Teil unseres Fertigungsstandorts in Ruitz | MovNtec","description":"Werden Sie Teil von MovNtec und arbeiten Sie an industriellen Montage- und Industrialisierungsprojekten an unserem Fertigungsstandort in Nordfrankreich. Entdecken Sie unsere Karrierem\u00f6glichkeiten.","robots":{"index":"index","follow":"follow","max-snippet":"max-snippet:-1","max-image-preview":"max-image-preview:large","max-video-preview":"max-video-preview:-1"},"canonical":"https:\/\/www.movntec.com\/de\/karriere\/","og_locale":"de_DE","og_type":"article","og_title":"Karriere: Werden Sie Teil unseres Fertigungsstandorts in Ruitz","og_description":"Werden Sie Teil von MovNtec und arbeiten Sie an industriellen Montage- und Industrialisierungsprojekten an unserem Fertigungsstandort in Nordfrankreich. Entdecken Sie unsere Karrierem\u00f6glichkeiten.","og_url":"https:\/\/www.movntec.com\/de\/karriere\/","og_site_name":"MovNtec","article_modified_time":"2026-02-17T15:58:14+00:00","og_image":[{"width":2000,"height":1334,"url":"https:\/\/www.movntec.com\/wp-inside\/uploads\/2026\/02\/sous-ensembles-techniques-movntec.jpg","type":"image\/jpeg"}],"twitter_card":"summary_large_image","twitter_misc":{"Gesch\u00e4tzte Lesezeit":"1\u00a0Minute"},"schema":{"@context":"https:\/\/schema.org","@graph":[{"@type":"WebPage","@id":"https:\/\/www.movntec.com\/de\/karriere\/","url":"https:\/\/www.movntec.com\/de\/karriere\/","name":"Karriere: Werden Sie Teil unseres Fertigungsstandorts in Ruitz","isPartOf":{"@id":"https:\/\/www.movntec.com\/de\/#website"},"primaryImageOfPage":{"@id":"https:\/\/www.movntec.com\/de\/karriere\/#primaryimage"},"image":{"@id":"https:\/\/www.movntec.com\/de\/karriere\/#primaryimage"},"thumbnailUrl":"https:\/\/www.movntec.com\/wp-inside\/uploads\/2026\/02\/sous-ensembles-techniques-movntec.jpg","datePublished":"2026-02-03T14:56:26+00:00","dateModified":"2026-02-17T15:58:14+00:00","description":"Werden Sie Teil von MovNtec und arbeiten Sie an industriellen Montage- und Industrialisierungsprojekten an unserem Fertigungsstandort in Nordfrankreich. Entdecken Sie unsere Karrierem\u00f6glichkeiten.","breadcrumb":{"@id":"https:\/\/www.movntec.com\/de\/karriere\/#breadcrumb"},"inLanguage":"de","potentialAction":[{"@type":"ReadAction","target":["https:\/\/www.movntec.com\/de\/karriere\/"]}]},{"@type":"ImageObject","inLanguage":"de","@id":"https:\/\/www.movntec.com\/de\/karriere\/#primaryimage","url":"https:\/\/www.movntec.com\/wp-inside\/uploads\/2026\/02\/sous-ensembles-techniques-movntec.jpg","contentUrl":"https:\/\/www.movntec.com\/wp-inside\/uploads\/2026\/02\/sous-ensembles-techniques-movntec.jpg"},{"@type":"BreadcrumbList","@id":"https:\/\/www.movntec.com\/de\/karriere\/#breadcrumb","itemListElement":[{"@type":"ListItem","position":1,"name":"Startseite","item":"https:\/\/www.movntec.com\/de\/"},{"@type":"ListItem","position":2,"name":"Karriere"}]},{"@type":"WebSite","@id":"https:\/\/www.movntec.com\/de\/#website","url":"https:\/\/www.movntec.com\/de\/","name":"MovNtec","description":"Solutions compl\u00e8tes d\u2019industrialisation de vos produits","publisher":{"@id":"https:\/\/www.movntec.com\/de\/#organization"},"potentialAction":[{"@type":"SearchAction","target":{"@type":"EntryPoint","urlTemplate":"https:\/\/www.movntec.com\/de\/?s={search_term_string}"},"query-input":{"@type":"PropertyValueSpecification","valueRequired":true,"valueName":"search_term_string"}}],"inLanguage":"de"},{"@type":"Organization","@id":"https:\/\/www.movntec.com\/de\/#organization","name":"MovNtec","url":"https:\/\/www.movntec.com\/de\/","logo":{"@type":"ImageObject","inLanguage":"de","@id":"https:\/\/www.movntec.com\/de\/#\/schema\/logo\/image\/","url":"https:\/\/www.movntec.com\/wp-inside\/uploads\/2026\/01\/logo-movntec.png","contentUrl":"https:\/\/www.movntec.com\/wp-inside\/uploads\/2026\/01\/logo-movntec.png","width":512,"height":200,"caption":"MovNtec"},"image":{"@id":"https:\/\/www.movntec.com\/de\/#\/schema\/logo\/image\/"},"sameAs":["https:\/\/www.linkedin.com\/company\/movntec\/?originalSubdomain=fr"]}]}},"_links":{"self":[{"href":"https:\/\/www.movntec.com\/de\/wp-json\/wp\/v2\/pages\/1167","targetHints":{"allow":["GET"]}}],"collection":[{"href":"https:\/\/www.movntec.com\/de\/wp-json\/wp\/v2\/pages"}],"about":[{"href":"https:\/\/www.movntec.com\/de\/wp-json\/wp\/v2\/types\/page"}],"author":[{"embeddable":true,"href":"https:\/\/www.movntec.com\/de\/wp-json\/wp\/v2\/users\/1"}],"replies":[{"embeddable":true,"href":"https:\/\/www.movntec.com\/de\/wp-json\/wp\/v2\/comments?post=1167"}],"version-history":[{"count":14,"href":"https:\/\/www.movntec.com\/de\/wp-json\/wp\/v2\/pages\/1167\/revisions"}],"predecessor-version":[{"id":2872,"href":"https:\/\/www.movntec.com\/de\/wp-json\/wp\/v2\/pages\/1167\/revisions\/2872"}],"wp:attachment":[{"href":"https:\/\/www.movntec.com\/de\/wp-json\/wp\/v2\/media?parent=1167"}],"curies":[{"name":"wp","href":"https:\/\/api.w.org\/{rel}","templated":true}]}}